{"id":17,"date":"2015-05-18T13:15:47","date_gmt":"2015-05-18T13:15:47","guid":{"rendered":"http:\/\/argumentation.samfundslitteratur.dk\/?page_id=17"},"modified":"2021-03-03T08:32:31","modified_gmt":"2021-03-03T07:32:31","slug":"studieopgaver-til-kapitel-3","status":"publish","type":"page","link":"https:\/\/argumentation.samfundslitteratur.dk\/?page_id=17","title":{"rendered":"Studieopgaver til kapitel 3"},"content":{"rendered":"<p><strong>OPGAVE 8<\/strong><\/p>\n<p>Unders\u00f8g argumentationen i et indslag i nyhedsudsendelsen <em>Deadline<\/em>, sendt d. 2. august 2014 p\u00e5 DR2, hvor studiev\u00e6rten Martin Krasnik interviewer den norske l\u00e6ge Mads Gilbert, der har fungeret som l\u00e6ge p\u00e5 et hospital i Gaza i Israel under israelske bombardementer. (Udsendelsen kan, med UNI\u00b7login, hentes p\u00e5: http:\/\/hval.dk\/mitcfu\/materialeinfo.aspx?mode=2&amp;page=1&amp;pageSize=6&amp;index=2&amp;notepadid=undefined&amp;search=person:%20Martin%20Krasnik&amp;orderby=title&amp;SearchID=b124526c-f704-4a07-8622-b38ec7d29e16)<\/p>\n<p>Unders\u00f8g:<\/p>\n<ul>\n<li>hvilken kontekst der ligger til grund for interviewet, inkl. hvilken tilgang henholdsvis Gilbert og Krasnik har til den problemstilling, der debatteres<\/li>\n<li>hvordan interviewet som helhed forl\u00f8ber<\/li>\n<li>i hvilke argumenterende roller de agerende optr\u00e6der<\/li>\n<li>hvilke hovedargumenter Gilbert og Krasnik anvender i deres argumentation<\/li>\n<li>hvilke sproghandlinger der dominerer hos b\u00e5de den interviewede og hos intervieweren.<\/li>\n<\/ul>\n<p>&nbsp;<\/p>\n<p><strong>OPGAVE 9<\/strong><\/p>\n<p>Der kan optr\u00e6de flere former for <em>underforst\u00e5else <\/em>i sprog, b\u00e5de konventionelle og konversationelle implikaturer og pr\u00e6suppositioner, jf. s. 87-92 i kapitel 3:<\/p>\n<p>1. Unders\u00f8g f\u00f8lgende ordveksling i nyhedsindslaget i <em>Deadline<\/em>, n\u00e6vnt i opgave 8, og find frem til, hvilke implikaturer og pr\u00e6suppositioner der gemt i Martin Krasnik sp\u00f8rgsm\u00e5l:<\/p>\n<blockquote><p><em>Krasnik:<\/em> \u201dOpfatter du Hamas som en terrororganisation?\u201d<\/p>\n<p><em>Gilbert<\/em>: \u201dNej.\u201d<\/p>\n<p><em>Krasnik<\/em>: \u201dDet g\u00f8r du ikke. Alts\u00e5 Hamas, som st\u00e5r bag talrige bombeangreb p\u00e5 israelske civile, p\u00e5 restauranter, i busser, ved busstoppesteder. Dette Hamas opfatter du ikke som en terrororganisation?\u201d<\/p>\n<p><em>Gilbert<\/em>: \u201dLige s\u00e5 lidt som jeg opfatter PLO som en terrororganisation efter USA og Israels definitioner. S\u00e5 er, efter min mening, pal\u00e6stinensernes organisationer, uanset hvad de g\u00f8r, defineret af Israel og USA som terrororganisationer.\u201d<\/p>\n<p><em>Krasnik<\/em>: \u201dJeg sp\u00f8rger dig, om du opfatter Hamas som en terrororganisation, dig, der er s\u00e5 optaget af civile ofre, dig sp\u00f8rger jeg, om du opfatter Hamas som en terrororganisation, der direkte fors\u00f8ger at dr\u00e6be s\u00e5 mange israelske civile som muligt.\u201d<\/p>\n<p>(\u2026)<\/p>\n<p><em>Krasnik<\/em>: \u201dDu har jo en klar politisk holdning i det, du siger. Du udtaler dig jo ikke bare som l\u00e6ge. Du har v\u00e6ret aktiv i det revolution\u00e6re norske parti <em>R\u00f8d. <\/em>Hvis du ikke gjorde et s\u00e5 prisv\u00e6rdigt medicinsk, humanit\u00e6rt arbejde, s\u00e5 ville ingen jo kunne tage dine politiske synspunkter alvorligt.\u201d<\/p><\/blockquote>\n<p>2. Unders\u00f8g ogs\u00e5 f\u00f8lgende \u00e5bne brev af Mads Gilbert, omtalt i nyhedsudsendelsen, og find frem til, hvilke former for underforst\u00e5else der ligger gemt.<\/p>\n<blockquote><p>Mr. Obama \u2013 har du et hjerte? Kom og tilbring \u00e9n nat \u2013 bare en enkelt nat \u2013 med os i Shifa\u2026<br \/>\nJeg er overbevist om, hundrede procent, at det vil \u00e6ndre historien.<br \/>\nIngen med et hjerte OG med politisk magt kan have oplevet en nat i Shifa uden at v\u00e6re opsat p\u00e5 at afslutte slagtningen af det pal\u00e6stinensiske folk.<br \/>\nMen de hjertel\u00f8se og de n\u00e5desl\u00f8se har planlagt endnu et dahyia \u2013 et storml\u00f8b mod Gaza.<br \/>\nFloderne af blod vil forts\u00e6tte med at flyde den kommende nat. Jeg kan h\u00f8re, at de har stemt d\u00f8dens instrumenter.<\/p>\n<p>Mads Gilbert MD phD<br \/>\nGaza. Det besatte Pal\u00e6stina<strong>\u00a0<\/strong><strong>\u00a0<\/strong><\/p><\/blockquote>\n<p><strong>OPGAVE 10<\/strong><\/p>\n<p>Hvordan vil I rammes\u00e6tte en undervisning p\u00e5 henholdsvis 5., 7. og 9. klassetrin, hvor eleverne skal l\u00e6re om sproghandlinger og underforst\u00e5else i sprog? Og hvordan vil I introducere til et arbejde med argumenterende samtaler? (jf. kompetenceomr\u00e5det <em>Kommunikation<\/em> i F\u00e6lles M\u00e5l: (<a href=\"http:\/\/www.emu.dk\/sites\/default\/files\/F%C3%A6lles%20M%C3%A5l%20for%20faget%20dansk_1.pdf\">http:\/\/www.emu.dk\/sites\/default\/files\/F%C3%A6lles%20M%C3%A5l%20for%20faget%20dansk_1.pdf<\/a>)<\/p>\n<p>&nbsp;<\/p>\n<p><strong><br \/>\n<\/strong><\/p>\n<p><strong>\u00a0<\/strong><\/p>\n","protected":false},"excerpt":{"rendered":"<p>OPGAVE 8 Unders\u00f8g argumentationen i et indslag i nyhedsudsendelsen Deadline, sendt d. 2. august 2014 p\u00e5 DR2, hvor studiev\u00e6rten Martin Krasnik interviewer den norske l\u00e6ge Mads Gilbert, der har fungeret som l\u00e6ge p\u00e5 et hospital i Gaza i Israel under israelske bombardementer. (Udsendelsen kan, med UNI\u00b7login, hentes p\u00e5: http:\/\/hval.dk\/mitcfu\/materialeinfo.aspx?mode=2&amp;page=1&amp;pageSize=6&amp;index=2&amp;notepadid=undefined&amp;search=person:%20Martin%20Krasnik&amp;orderby=title&amp;SearchID=b124526c-f704-4a07-8622-b38ec7d29e16) Unders\u00f8g: hvilken kontekst der ligger til [&hellip;]<\/p>\n","protected":false},"author":2,"featured_media":0,"parent":11,"menu_order":0,"comment_status":"closed","ping_status":"open","template":"","meta":{"footnotes":""},"class_list":["post-17","page","type-page","status-publish","hentry"],"_links":{"self":[{"href":"https:\/\/argumentation.samfundslitteratur.dk\/index.php?rest_route=\/wp\/v2\/pages\/17","targetHints":{"allow":["GET"]}}],"collection":[{"href":"https:\/\/argumentation.samfundslitteratur.dk\/index.php?rest_route=\/wp\/v2\/pages"}],"about":[{"href":"https:\/\/argumentation.samfundslitteratur.dk\/index.php?rest_route=\/wp\/v2\/types\/page"}],"author":[{"embeddable":true,"href":"https:\/\/argumentation.samfundslitteratur.dk\/index.php?rest_route=\/wp\/v2\/users\/2"}],"replies":[{"embeddable":true,"href":"https:\/\/argumentation.samfundslitteratur.dk\/index.php?rest_route=%2Fwp%2Fv2%2Fcomments&post=17"}],"version-history":[{"count":5,"href":"https:\/\/argumentation.samfundslitteratur.dk\/index.php?rest_route=\/wp\/v2\/pages\/17\/revisions"}],"predecessor-version":[{"id":94,"href":"https:\/\/argumentation.samfundslitteratur.dk\/index.php?rest_route=\/wp\/v2\/pages\/17\/revisions\/94"}],"up":[{"embeddable":true,"href":"https:\/\/argumentation.samfundslitteratur.dk\/index.php?rest_route=\/wp\/v2\/pages\/11"}],"wp:attachment":[{"href":"https:\/\/argumentation.samfundslitteratur.dk\/index.php?rest_route=%2Fwp%2Fv2%2Fmedia&parent=17"}],"curies":[{"name":"wp","href":"https:\/\/api.w.org\/{rel}","templated":true}]}}