{"id":2,"date":"2015-02-19T04:39:32","date_gmt":"2015-02-19T04:39:33","guid":{"rendered":"http:\/\/localhost:8080\/wordpress-4.1.1\/wordpress\/?page_id=2"},"modified":"2021-03-03T08:32:32","modified_gmt":"2021-03-03T07:32:32","slug":"sample-page","status":"publish","type":"page","link":"https:\/\/argumentation.samfundslitteratur.dk\/","title":{"rendered":"Velkommen til Bogens Side"},"content":{"rendered":"<header class=\"entry-header\">Dette site indeholder supplerende materiale til bogen <em><a href=\"http:\/\/samfundslitteratur.dk\/bog\/argumentation-og-faktiske-tekster\" target=\"_blank\" rel=\"noopener\">Argumentation og faktiske tekster<\/a> <\/em>og henvender sig prim\u00e6rt til undervisere og studerende i undervisningsfaget dansk i l\u00e6reruddannelsen. Sitet indeholder:<\/p>\n<ul>\n<li>en lang r\u00e6kke <strong><a href=\"http:\/\/argumentation.samfundslitteratur.dk\/?page_id=11\">Studieopgaver<\/a><\/strong> til de enkelte kapitler i bogen<\/li>\n<li>forslag til <strong><a href=\"http:\/\/argumentation.samfundslitteratur.dk\/?page_id=57\">Studieplan<\/a> <\/strong>og studieelementer<\/li>\n<li>supplerende<a href=\"http:\/\/argumentation.samfundslitteratur.dk\/?page_id=69\"> <strong>Tekster<\/strong><\/a>.<\/li>\n<\/ul>\n<p>Undervisere og studerende kan s\u00e5ledes f\u00e5 konkret hj\u00e6lp til planl\u00e6gning af undervisningen ved at benytte sitet og en hj\u00e6lp til at benytte bogen i undervisningen. Sitet kan ogs\u00e5 fungere som inspiration for den underviser og de studerende, der foretr\u00e6kker at tilrettel\u00e6gge undervisningen vha. egne materialer og studieopgaver.<\/p>\n<p>God forn\u00f8jelse!<\/p>\n<p>Peter Fregerslev<\/p>\n<\/header>\n","protected":false},"excerpt":{"rendered":"<p>Dette site indeholder supplerende materiale til bogen Argumentation og faktiske tekster og henvender sig prim\u00e6rt til undervisere og studerende i undervisningsfaget dansk i l\u00e6reruddannelsen. Sitet indeholder: en lang r\u00e6kke Studieopgaver til de enkelte kapitler i bogen forslag til Studieplan og studieelementer supplerende Tekster. Undervisere og studerende kan s\u00e5ledes f\u00e5 konkret hj\u00e6lp til planl\u00e6gning af undervisningen [&hellip;]<\/p>\n","protected":false},"author":2,"featured_media":0,"parent":0,"menu_order":0,"comment_status":"closed","ping_status":"open","template":"","meta":{"footnotes":""},"class_list":["post-2","page","type-page","status-publish","hentry"],"_links":{"self":[{"href":"https:\/\/argumentation.samfundslitteratur.dk\/index.php?rest_route=\/wp\/v2\/pages\/2","targetHints":{"allow":["GET"]}}],"collection":[{"href":"https:\/\/argumentation.samfundslitteratur.dk\/index.php?rest_route=\/wp\/v2\/pages"}],"about":[{"href":"https:\/\/argumentation.samfundslitteratur.dk\/index.php?rest_route=\/wp\/v2\/types\/page"}],"author":[{"embeddable":true,"href":"https:\/\/argumentation.samfundslitteratur.dk\/index.php?rest_route=\/wp\/v2\/users\/2"}],"replies":[{"embeddable":true,"href":"https:\/\/argumentation.samfundslitteratur.dk\/index.php?rest_route=%2Fwp%2Fv2%2Fcomments&post=2"}],"version-history":[{"count":5,"href":"https:\/\/argumentation.samfundslitteratur.dk\/index.php?rest_route=\/wp\/v2\/pages\/2\/revisions"}],"predecessor-version":[{"id":112,"href":"https:\/\/argumentation.samfundslitteratur.dk\/index.php?rest_route=\/wp\/v2\/pages\/2\/revisions\/112"}],"wp:attachment":[{"href":"https:\/\/argumentation.samfundslitteratur.dk\/index.php?rest_route=%2Fwp%2Fv2%2Fmedia&parent=2"}],"curies":[{"name":"wp","href":"https:\/\/api.w.org\/{rel}","templated":true}]}}