{"id":41,"date":"2015-05-18T13:26:56","date_gmt":"2015-05-18T13:26:56","guid":{"rendered":"http:\/\/argumentation.samfundslitteratur.dk\/?page_id=41"},"modified":"2021-03-03T08:32:31","modified_gmt":"2021-03-03T07:32:31","slug":"studieopgaver-til-kapitel-7","status":"publish","type":"page","link":"https:\/\/argumentation.samfundslitteratur.dk\/?page_id=41","title":{"rendered":"Studieopgaver til kapitel 7"},"content":{"rendered":"<p><strong>OPGAVE 21<\/strong><\/p>\n<p>Afpr\u00f8v nogle af argumentations\u00f8velserne og debatspillet omtalt i bogens kapitel 7 s. 218-221, og unders\u00f8g Christian Kocks r\u00e5d til god argumentation og debat, omtalt i samme kapitel s. 227.<\/p>\n<p>Overvej og diskuter \u2013 p\u00e5 dette grundlag \u2013 p\u00e5 hvilke m\u00e5der I vil introducere til genrerne diskussion og debat i henholdsvis 6. klasse og 8. klasse.<\/p>\n<p>&nbsp;<\/p>\n<p><strong>OPGAVE 22<\/strong><\/p>\n<p>Lav en analyse af tv-debatprogrammet <em>Debatten <\/em>p\u00e5 DR2, sendt d. 5. februar\u00a02015, med udgangspunkt i ideerne og forslagene omtalt i bogens kapitel 7 s. 223. Debatprogrammet kan hentes p\u00e5: <a href=\"http:\/\/hval.dk\/mitcfu\/materialeinfo.aspx?mode=2&amp;page=2&amp;pageSize=6&amp;index=4&amp;notepadid=undefined&amp;search=debatprogrammer&amp;orderby=title&amp;SearchID=6ec38a1d-2263-4ee0-a72b-0b860cf6e972\">http:\/\/hval.dk\/mitcfu\/materialeinfo.aspx?mode=2&amp;page=2&amp;pageSize=6&amp;index=4&amp;notepadid=undefined&amp;search=debatprogrammer&amp;orderby=title&amp;SearchID=6ec38a1d-2263-4ee0-a72b-0b860cf6e972<\/a>.<\/p>\n<p>&nbsp;<\/p>\n<p><strong>OPGAVE 23<\/strong><\/p>\n<p>Diskuter, hvilken status arbejdet med debatprogrammer og argumenterende mundtlighed b\u00f8r have i folkeskolens danskundervisning: Hvad er det overordnede form\u00e5l, og hvad skal eleverne l\u00e6re p\u00e5 de forskellige klassetrin? (jf. kompetenceomr\u00e5derne <em>Fremstilling <\/em>og <em>Kommunikation <\/em>i F\u00e6lles M\u00e5l: <a href=\"http:\/\/www.emu.dk\/sites\/default\/files\/F%C3%A6lles%20M%C3%A5l%20for%20faget%20dansk_1.pdf\">http:\/\/www.emu.dk\/sites\/default\/files\/F%C3%A6lles%20M%C3%A5l%20for%20faget%20dansk_1.pdf<\/a>)<\/p>\n<p>&nbsp;<\/p>\n<p><strong>OPGAVE 24<\/strong><\/p>\n<p>Udarbejd en skitse til et undervisningsforl\u00f8b i 8. klasse, hvor eleverne skal l\u00e6re om genrerne diskussion og debat, og hvor I inddrager tv-debatprogrammet n\u00e6vnt i studieopgave 21 ovenfor.<\/p>\n<p>Jeres m\u00e5lformulering for forl\u00f8bet skal I relatere til videns- og f\u00e6rdighedsm\u00e5lene i F\u00e6lles M\u00e5l og til bestemmelserne om l\u00e6ringsm\u00e5lsstyret undervisning.<\/p>\n<p>&nbsp;<\/p>\n","protected":false},"excerpt":{"rendered":"<p>OPGAVE 21 Afpr\u00f8v nogle af argumentations\u00f8velserne og debatspillet omtalt i bogens kapitel 7 s. 218-221, og unders\u00f8g Christian Kocks r\u00e5d til god argumentation og debat, omtalt i samme kapitel s. 227. Overvej og diskuter \u2013 p\u00e5 dette grundlag \u2013 p\u00e5 hvilke m\u00e5der I vil introducere til genrerne diskussion og debat i henholdsvis 6. klasse og [&hellip;]<\/p>\n","protected":false},"author":2,"featured_media":0,"parent":11,"menu_order":0,"comment_status":"closed","ping_status":"open","template":"","meta":{"footnotes":""},"class_list":["post-41","page","type-page","status-publish","hentry"],"_links":{"self":[{"href":"https:\/\/argumentation.samfundslitteratur.dk\/index.php?rest_route=\/wp\/v2\/pages\/41","targetHints":{"allow":["GET"]}}],"collection":[{"href":"https:\/\/argumentation.samfundslitteratur.dk\/index.php?rest_route=\/wp\/v2\/pages"}],"about":[{"href":"https:\/\/argumentation.samfundslitteratur.dk\/index.php?rest_route=\/wp\/v2\/types\/page"}],"author":[{"embeddable":true,"href":"https:\/\/argumentation.samfundslitteratur.dk\/index.php?rest_route=\/wp\/v2\/users\/2"}],"replies":[{"embeddable":true,"href":"https:\/\/argumentation.samfundslitteratur.dk\/index.php?rest_route=%2Fwp%2Fv2%2Fcomments&post=41"}],"version-history":[{"count":5,"href":"https:\/\/argumentation.samfundslitteratur.dk\/index.php?rest_route=\/wp\/v2\/pages\/41\/revisions"}],"predecessor-version":[{"id":97,"href":"https:\/\/argumentation.samfundslitteratur.dk\/index.php?rest_route=\/wp\/v2\/pages\/41\/revisions\/97"}],"up":[{"embeddable":true,"href":"https:\/\/argumentation.samfundslitteratur.dk\/index.php?rest_route=\/wp\/v2\/pages\/11"}],"wp:attachment":[{"href":"https:\/\/argumentation.samfundslitteratur.dk\/index.php?rest_route=%2Fwp%2Fv2%2Fmedia&parent=41"}],"curies":[{"name":"wp","href":"https:\/\/api.w.org\/{rel}","templated":true}]}}