{"id":57,"date":"2015-05-18T13:36:54","date_gmt":"2015-05-18T13:36:54","guid":{"rendered":"http:\/\/argumentation.samfundslitteratur.dk\/?page_id=57"},"modified":"2021-03-03T08:32:31","modified_gmt":"2021-03-03T07:32:31","slug":"studieplan","status":"publish","type":"page","link":"https:\/\/argumentation.samfundslitteratur.dk\/?page_id=57","title":{"rendered":"Studieplan"},"content":{"rendered":"<p>Her kan du se et\u00a0forslag til et studieforl\u00f8b i faktiske tekster og medietekster.<\/p>\n<p>Download (Word-format):\u00a0<a href=\"http:\/\/argumentation.samfundslitteratur.dk\/wp-content\/uploads\/2015\/05\/Studieforl\u00f8b.docx\">Studieforl\u00f8b<\/a><\/p>\n<p>&nbsp;<\/p>\n<p style=\"text-align: center;\"><strong>Studieplan (modul) for arbejdet med faktiske tekster,<br \/>\n<\/strong><strong style=\"line-height: 1.714285714; font-size: 1rem;\">argumentation og kommunikativ didaktik<\/strong><\/p>\n<p><strong>\u00a0<\/strong><em>Nedenst\u00e5ende studieplan<\/em> indeholder forslag til et studieforl\u00f8b i faktiske tekster og medietekster i l\u00e6reruddannelsen, men en del af studieelementerne kan ogs\u00e5 benyttes i andre moduler, f.eks. i de nationale moduler <em>Literacy <\/em>og <em>Multimodale tekster. <\/em><\/p>\n<p>Bogen <em>Argumentation og faktiske tekster <\/em>vil s\u00e5ledes kunne anvendes inden for flere forskellige <em>kompetenceomr\u00e5der <\/em>i undervisningsfaget dansk i l\u00e6reruddannelsen \u2013 og til arbejdet med en lang r\u00e6kke <em>videns- og f\u00e6rdighedsm\u00e5l<\/em>: <a href=\"https:\/\/www.retsinformation.dk\/Forms\/R0710.aspx?id=145748#Bil2\" target=\"_blank\" rel=\"noopener\"><strong>Kompetenceomr\u00e5der og kundskabs- og f\u00e6rdighedsomr\u00e5der<\/strong>.<\/a><\/p>\n<table>\n<tbody>\n<tr>\n<td style=\"text-align: center;\" colspan=\"2\" width=\"879\"><strong>Studieplan<\/strong><\/td>\n<\/tr>\n<tr>\n<td style=\"text-align: center;\" width=\"434\"><strong>Studieelement<\/strong><\/td>\n<td style=\"text-align: center;\" width=\"444\"><strong>Studieaktiviteter<\/strong><\/td>\n<\/tr>\n<tr>\n<td width=\"434\"><strong><em>\u00a0<\/em><\/strong><\/p>\n<p style=\"text-align: center;\"><strong><em>1<\/em><\/strong> <em>(1 uge)<\/em><\/p>\n<p style=\"text-align: center;\"><em>Introduktion til retorisk argumentationsanalyse, kommunikativ didaktik og demokratisk dannelse i danskfaget<\/em><\/p>\n<\/td>\n<td width=\"444\">\n<ul>\n<li><em>Introducerende l\u00e6reropl\u00e6g om argumentation, kommunikativ didaktik og demokratisk dannelse.<\/em><\/li>\n<li><em>Unders\u00f8gelse og diskussion af begrebet \u2019demokratisk dannelse\u2019<\/em>: <em>\u00a0<\/em><strong><a href=\"http:\/\/argumentation.samfundslitteratur.dk\/?page_id=13\" target=\"_blank\" rel=\"noopener\">Studieopgaver til kapitel 1<\/a><\/strong>: Studieopgave 1, Studieopgave 2, Studieopgave 3, Studieopgave 4.<\/li>\n<li><em>Analyse af argumenter og argumentation i b\u00e5de skriftlige og mundtlige tekster<\/em>: <strong><a href=\"http:\/\/argumentation.samfundslitteratur.dk\/?page_id=69\" target=\"_blank\" rel=\"noopener\">Tekster<\/a> <\/strong>(tekst 1) og <strong><a href=\"http:\/\/argumentation.samfundslitteratur.dk\/?page_id=15\" target=\"_blank\" rel=\"noopener\">Studieopgaver til kapitel 2<\/a><\/strong>: Studieopgave 5, Studieopgave 6, Studieopgave7<em>.<\/em><\/li>\n<\/ul>\n<\/td>\n<\/tr>\n<tr>\n<td width=\"434\"><strong><em>\u00a0<\/em><\/strong><\/p>\n<p style=\"text-align: center;\"><strong><em>2<\/em><\/strong> <em>(2 uger)<\/em><\/p>\n<p style=\"text-align: center;\"><em>Diskussions- og debatformer i klasserummet.<\/em><\/p>\n<p style=\"text-align: center;\"><em>Argumentation i debatprogrammer<\/em><\/p>\n<p><em>\u00a0<\/em><\/td>\n<td width=\"444\">\n<ul>\n<li><em>Diskussions- og debat\u00f8velser<\/em>: <strong><a href=\"http:\/\/argumentation.samfundslitteratur.dk\/?page_id=41\" target=\"_blank\" rel=\"noopener\">Studieopgaver til kapitel 7<\/a>: <\/strong>Studieopgave 21<em>.<\/em><\/li>\n<li><em>Didaktiske overvejelser over anvendelsen af argumentations\u00f8velser og debatspil i undervisningen<\/em>: <strong><a href=\"http:\/\/argumentation.samfundslitteratur.dk\/?page_id=41\" target=\"_blank\" rel=\"noopener\">Studieopgaver til kapitel 7<\/a>: <\/strong>Studieopgave 23<em>.<\/em><\/li>\n<li><em>Unders\u00f8gelse af politiske debatprogrammer og interview<\/em>: <strong><a href=\"http:\/\/argumentation.samfundslitteratur.dk\/?page_id=41\" target=\"_blank\" rel=\"noopener\">Studieopgaver til kapitel 7<\/a>: <\/strong>Studieopgave 22.<\/li>\n<li><em>Udarbejdelse af undervisningsforl\u00f8b og\/eller l\u00e6remiddel<\/em>: <strong><a href=\"http:\/\/argumentation.samfundslitteratur.dk\/?page_id=41\" target=\"_blank\" rel=\"noopener\">Studieopgaver til kapitel 7<\/a>: <\/strong>Studieopgave 24.<\/li>\n<\/ul>\n<\/td>\n<\/tr>\n<tr>\n<td width=\"434\">\n<p style=\"text-align: center;\"><strong><em>3<\/em><\/strong> <em>(1 uge)<\/em><\/p>\n<p style=\"text-align: center;\"><em>Den politiske lejlighedstale.<\/em><\/p>\n<p style=\"text-align: center;\"><em>Mundtlighed og retorik i klasserummet<\/em><\/p>\n<\/td>\n<td width=\"444\">\n<ul>\n<li><em>Retorisk analyse<\/em> af Helle Thorning-Schmidts nyt\u00e5rstale 2015 (tekst og video kan hentes p\u00e5: <a href=\"http:\/\/stm.dk\/_p_14102.html\">http:\/\/stm.dk\/_p_14102.html<\/a>).<\/li>\n<li><em>Didaktiske overvejelser <\/em>over arbejdet med lejlighedstaler i undervisningen. Litteratur: <strong><a href=\"http:\/\/argumentation.samfundslitteratur.dk\/?page_id=69\" target=\"_blank\" rel=\"noopener\">Tekster<\/a>: <\/strong>(tekst 2).<\/li>\n<\/ul>\n<\/td>\n<\/tr>\n<tr>\n<td width=\"434\">\n<p style=\"text-align: center;\"><strong><em>4<\/em><\/strong> <em>(2 uger)<\/em><\/p>\n<p style=\"text-align: center;\"><em>Argumentation og argumenterende sprog i journalistiske tekster.<\/em><\/p>\n<\/td>\n<td width=\"444\">\n<ul>\n<li><em>Unders\u00f8gelse af nyhedsformidling i danske <\/em>medier: <strong><a href=\"http:\/\/argumentation.samfundslitteratur.dk\/?page_id=21\" target=\"_blank\" rel=\"noopener\">Studieopgaver til kapitel 5<\/a>: <\/strong>Studieopgave 13, Studieopgave 14.<\/li>\n<li><em>Udarbejdelse af undervisningsforl\u00f8b og\/eller l\u00e6remiddel<\/em>: <strong><a href=\"http:\/\/argumentation.samfundslitteratur.dk\/?page_id=21\" target=\"_blank\" rel=\"noopener\">Studieopgaver til kapitel 5<\/a>: <\/strong>Studieopgave 15, Studieopgave 16.<\/li>\n<\/ul>\n<\/td>\n<\/tr>\n<tr>\n<td width=\"434\">\n<p style=\"text-align: center;\"><strong><em>5<\/em><\/strong> <em>(2 uger)<\/em><\/p>\n<p style=\"text-align: center;\"><em>Introduktion til pragmatisk argumentationsanalyse.<\/em><\/p>\n<p style=\"text-align: center;\"><em>Webdebat og on-linedebat i klasserummet<\/em><\/p>\n<\/td>\n<td width=\"444\">\n<ul>\n<li><em>Introduktion til pragmatisk argumentationsanalyse<\/em>: <strong><a href=\"http:\/\/argumentation.samfundslitteratur.dk\/?page_id=17\" target=\"_blank\" rel=\"noopener\">Studieopgaver til kapitel 3:<\/a> <\/strong>Studieopgave 8, Studieopgave 9, Studieopgave 10.<\/li>\n<li><em>Unders\u00f8gelse af webdebat<\/em>: <strong><a href=\"http:\/\/argumentation.samfundslitteratur.dk\/?page_id=45\" target=\"_blank\" rel=\"noopener\">Studieopgaver til kapitel 8<\/a>: <\/strong>Studieopgave 25, Studieopgave 26.<\/li>\n<li><em>Udarbejdelse af undervisningsforl\u00f8b og\/eller l\u00e6remiddel<\/em>: <strong><a href=\"http:\/\/argumentation.samfundslitteratur.dk\/?page_id=45\" target=\"_blank\" rel=\"noopener\">Studieopgaver til kapitel 8<\/a>: <\/strong>Studieopgave 27, Studieopgave 28.<\/li>\n<\/ul>\n<\/td>\n<\/tr>\n<tr>\n<td width=\"434\">\n<p style=\"text-align: center;\"><strong><em>6<\/em><\/strong> <em>(1 uge)<\/em><\/p>\n<p style=\"text-align: center;\"><em>Argumentation i dokumentarprogrammer<\/em><\/p>\n<\/td>\n<td width=\"444\">\n<ul>\n<li><em>Unders\u00f8gelse af tv-dokumentar<\/em>: <strong><a href=\"http:\/\/argumentation.samfundslitteratur.dk\/?page_id=23\" target=\"_blank\" rel=\"noopener\">Studieopgaver til kapitel 6<\/a>: <\/strong>Studieopgave 18.<\/li>\n<li><em>Udarbejdelse af undervisningsforl\u00f8b og\/eller l\u00e6remiddel<\/em>: <strong><a href=\"http:\/\/argumentation.samfundslitteratur.dk\/?page_id=23\" target=\"_blank\" rel=\"noopener\">Studieopgaver til kapitel 6<\/a>: <\/strong>Studieopgave 19, Studieopgave 20.<\/li>\n<\/ul>\n<\/td>\n<\/tr>\n<tr>\n<td width=\"434\">\n<p style=\"text-align: center;\"><strong><em>7 <\/em><\/strong><em>(<\/em><em>1 uge)<\/em><\/p>\n<p style=\"text-align: center;\"><em>Argumentation i reklamer<\/em><\/p>\n<\/td>\n<td width=\"444\">\n<ul>\n<li><em>Unders\u00f8gelse af reklamer<\/em>: <strong><a href=\"http:\/\/argumentation.samfundslitteratur.dk\/?page_id=49\" target=\"_blank\" rel=\"noopener\">Studieopgaver til kapitel 9<\/a>: <\/strong>Studieopgave 29, Studieopgave 30, Studieopgave 31.<\/li>\n<li><em>Udarbejdelse af undervisningsforl\u00f8b og\/eller l\u00e6remiddel<\/em>: <strong><a href=\"http:\/\/argumentation.samfundslitteratur.dk\/?page_id=49\" target=\"_blank\" rel=\"noopener\">Studieopgaver til kapitel 9<\/a>: <\/strong>Studieopgave 32.<\/li>\n<\/ul>\n<\/td>\n<\/tr>\n<tr>\n<td width=\"434\"><strong><em>\u00a0<\/em><\/strong><strong><em>\u00a0<\/em><\/strong><\/p>\n<p style=\"text-align: center;\"><strong><em>8<\/em><\/strong> <em>(3 uger)<\/em><\/p>\n<p style=\"text-align: center;\"><em>Modul-projekt.<\/em><\/p>\n<\/td>\n<td width=\"444\"><em>Projektarbejde i grupper med udgangspunkt i selvvalgte faktiske tekster<\/em>:<\/p>\n<ul>\n<li>unders\u00f8gelse af tekstmaterialet<\/li>\n<li>vurdering af materialets didaktiske potentiale<\/li>\n<li>udarbejdelse af l\u00e6remiddel og\/eller undervisningsforl\u00f8b<\/li>\n<li>unders\u00f8gelser af undervisning i faktiske tekster p\u00e5 praktikskolen: f.eks. observation af undervisning, interview af l\u00e6reren, interview af elever<\/li>\n<li>udarbejdelse af projektrapport<\/li>\n<li>forberedelse af holdundervisning.<\/li>\n<\/ul>\n<\/td>\n<\/tr>\n<tr>\n<td width=\"434\">\n<p style=\"text-align: center;\"><strong><em>9<\/em><\/strong> <em>(2 uger)<\/em><\/p>\n<p style=\"text-align: center;\"><em>Evaluering af projektforl\u00f8b<\/em><\/p>\n<\/td>\n<td width=\"444\"><em>Projektevaluering<\/em>: projektgrupperne underviser p\u00e5 skift, og deres projektrapport og undervisning evalueres efterf\u00f8lgende.<\/td>\n<\/tr>\n<\/tbody>\n<\/table>\n<p><strong><em>\u00a0<\/em><\/strong><\/p>\n<p><strong><em>\u00a0<\/em><\/strong><\/p>\n","protected":false},"excerpt":{"rendered":"<p>Her kan du se et\u00a0forslag til et studieforl\u00f8b i faktiske tekster og medietekster. Download (Word-format):\u00a0Studieforl\u00f8b &nbsp; Studieplan (modul) for arbejdet med faktiske tekster, argumentation og kommunikativ didaktik \u00a0Nedenst\u00e5ende studieplan indeholder forslag til et studieforl\u00f8b i faktiske tekster og medietekster i l\u00e6reruddannelsen, men en del af studieelementerne kan ogs\u00e5 benyttes i andre moduler, f.eks. i de [&hellip;]<\/p>\n","protected":false},"author":2,"featured_media":0,"parent":0,"menu_order":0,"comment_status":"closed","ping_status":"open","template":"","meta":{"footnotes":""},"class_list":["post-57","page","type-page","status-publish","hentry"],"_links":{"self":[{"href":"https:\/\/argumentation.samfundslitteratur.dk\/index.php?rest_route=\/wp\/v2\/pages\/57","targetHints":{"allow":["GET"]}}],"collection":[{"href":"https:\/\/argumentation.samfundslitteratur.dk\/index.php?rest_route=\/wp\/v2\/pages"}],"about":[{"href":"https:\/\/argumentation.samfundslitteratur.dk\/index.php?rest_route=\/wp\/v2\/types\/page"}],"author":[{"embeddable":true,"href":"https:\/\/argumentation.samfundslitteratur.dk\/index.php?rest_route=\/wp\/v2\/users\/2"}],"replies":[{"embeddable":true,"href":"https:\/\/argumentation.samfundslitteratur.dk\/index.php?rest_route=%2Fwp%2Fv2%2Fcomments&post=57"}],"version-history":[{"count":6,"href":"https:\/\/argumentation.samfundslitteratur.dk\/index.php?rest_route=\/wp\/v2\/pages\/57\/revisions"}],"predecessor-version":[{"id":114,"href":"https:\/\/argumentation.samfundslitteratur.dk\/index.php?rest_route=\/wp\/v2\/pages\/57\/revisions\/114"}],"wp:attachment":[{"href":"https:\/\/argumentation.samfundslitteratur.dk\/index.php?rest_route=%2Fwp%2Fv2%2Fmedia&parent=57"}],"curies":[{"name":"wp","href":"https:\/\/api.w.org\/{rel}","templated":true}]}}